{"id":9,"date":"2010-06-24T14:40:55","date_gmt":"2010-06-24T14:40:55","guid":{"rendered":"http:\/\/revolutionstour.net\/?page_id=9"},"modified":"2024-05-24T12:52:44","modified_gmt":"2024-05-24T12:52:44","slug":"termine","status":"publish","type":"page","link":"https:\/\/rebellisches-berlin.de\/?page_id=9","title":{"rendered":"Termine"},"content":{"rendered":"\n<p>Leider schaffen wir es zur Zeit nicht, regelm\u00e4\u00dfige offene Touren anzubieten. Wir k\u00fcndigen alle Termine hier an.<br><strong><mark style=\"background-color:rgba(0, 0, 0, 0)\" class=\"has-inline-color has-vivid-cyan-blue-color\"><\/mark><\/strong><\/p>\n\n\n\n<h2 class=\"wp-block-heading\">Aktuelle Termine<\/h2>\n\n\n\n<h3 class=\"wp-block-heading\">Freitag, 31. Mai 2024, 16:00 &#8211; 18:00 Uhr: Organisiert und widerst\u00e4ndig: Frauen in der Arbeiter*innenbewegung<\/h3>\n\n\n\n<p class=\"has-small-font-size\">in Kooperation mit Demokratie in Mitte und der Fabrik Osloer Stra\u00dfe<\/p>\n\n\n\n<p class=\"has-small-font-size\">In den 1920er und 30er Jahren war derWedding eine Hochburg der BerlinerArbeiter*innenbewegung. Auf unsererhistorischen Stadttour machen wir unsauf die Suche nach Frauen, die in dieserBewegung aktiv waren. Dabei wendenwir unseren Blick auf Organisationen,Orte und T\u00e4tigkeiten, die in der m\u00e4nner-zentrierten Geschichtsschreibungzumeist im Hintergrund verschwinden.<\/p>\n\n\n\n<p class=\"has-small-font-size\">Treffpunkt nach Anmeldung unter: info@demokratie-in-der-mitte.de<br>Die Strecke beinhaltet keine Stufen oder Treppen, der Untergrund ist streckenweise ungepflastert und uneben.<br>Die Teilnahme ist kostenlos.<\/p>\n","protected":false},"excerpt":{"rendered":"<p>Leider schaffen wir es zur Zeit nicht, regelm\u00e4\u00dfige offene Touren anzubieten. Wir k\u00fcndigen alle Termine hier an. Aktuelle Termine Freitag, 31. Mai 2024, 16:00 &#8211; 18:00 Uhr: Organisiert und widerst\u00e4ndig: Frauen in der Arbeiter*innenbewegung in Kooperation mit Demokratie in Mitte und der Fabrik Osloer Stra\u00dfe In den 1920er und 30er Jahren war derWedding eine Hochburg &hellip; <\/p>\n<p class=\"link-more\"><a href=\"https:\/\/rebellisches-berlin.de\/?page_id=9\" class=\"more-link\"><span class=\"screen-reader-text\">\u201eTermine\u201c <\/span>weiterlesen<\/a><\/p>\n","protected":false},"author":1,"featured_media":0,"parent":0,"menu_order":1,"comment_status":"closed","ping_status":"closed","template":"","meta":{"_monsterinsights_skip_tracking":false,"_monsterinsights_sitenote_active":false,"_monsterinsights_sitenote_note":"","_monsterinsights_sitenote_category":0,"footnotes":""},"class_list":["post-9","page","type-page","status-publish","hentry"],"aioseo_notices":[],"_links":{"self":[{"href":"https:\/\/rebellisches-berlin.de\/index.php?rest_route=\/wp\/v2\/pages\/9","targetHints":{"allow":["GET"]}}],"collection":[{"href":"https:\/\/rebellisches-berlin.de\/index.php?rest_route=\/wp\/v2\/pages"}],"about":[{"href":"https:\/\/rebellisches-berlin.de\/index.php?rest_route=\/wp\/v2\/types\/page"}],"author":[{"embeddable":true,"href":"https:\/\/rebellisches-berlin.de\/index.php?rest_route=\/wp\/v2\/users\/1"}],"replies":[{"embeddable":true,"href":"https:\/\/rebellisches-berlin.de\/index.php?rest_route=%2Fwp%2Fv2%2Fcomments&post=9"}],"version-history":[{"count":257,"href":"https:\/\/rebellisches-berlin.de\/index.php?rest_route=\/wp\/v2\/pages\/9\/revisions"}],"predecessor-version":[{"id":1001,"href":"https:\/\/rebellisches-berlin.de\/index.php?rest_route=\/wp\/v2\/pages\/9\/revisions\/1001"}],"wp:attachment":[{"href":"https:\/\/rebellisches-berlin.de\/index.php?rest_route=%2Fwp%2Fv2%2Fmedia&parent=9"}],"curies":[{"name":"wp","href":"https:\/\/api.w.org\/{rel}","templated":true}]}}