{"id":720,"date":"2020-02-12T10:11:09","date_gmt":"2020-02-12T10:11:09","guid":{"rendered":"http:\/\/rebellisches-berlin.de\/?page_id=720"},"modified":"2020-02-12T10:11:10","modified_gmt":"2020-02-12T10:11:10","slug":"aviso-legal","status":"publish","type":"page","link":"https:\/\/rebellisches-berlin.de\/?page_id=720&lang=es","title":{"rendered":"Aviso legal"},"content":{"rendered":"\n<p>Por regla general, esta p\u00e1gina web no permite introducir datos personales. En tanto que se introduzcan datos de esta \u00edndole (como nombre, direcci\u00f3n o correo electr\u00f3nico), siempre se introducir\u00e1n, en la medida de lo posible, de forma libre. Estos datos no se transmitir\u00e1n a terceros sin su expresa autorizaci\u00f3n. Como responsable de esta p\u00e1gina web debo advertirle de que la transmisi\u00f3n de datos por Internet (por ejemplo en la comunicaci\u00f3n por correo electr\u00f3nico) puede acusar agujeros de seguridad. Desgraciadamente, es imposible lograr una protecci\u00f3n de datos que no tenga ning\u00fan agujero frente al acceso de terceros.<\/p>\n\n\n\n<p>Rechazamos expl\u00edcitamente que los datos de contacto que constan en el presente aviso legal sean utilizados por terceras personas con tal de enviar publicidad u otro tipo de informaci\u00f3n que no se haya pedido de forma expl\u00edcita. La responsable de la p\u00e1gina web se reserva el derecho de emprender medidas legales en caso de recibir mensajes no deseados o publicidad a trav\u00e9s de, por ejemplo, correo basura (<em>spam<\/em>).<\/p>\n\n\n\n<p><br>Rebellisches Berlin<br>c\/o Assoziation A<br>Gneisenaustr. 2a<br>10961 Berlin<\/p>\n\n\n\n<p>0163\/7348116<br>mail[\u00e4t]rebellisches-berlin.de<\/p>\n\n\n\n<p><\/p>\n","protected":false},"excerpt":{"rendered":"<p>Por regla general, esta p\u00e1gina web no permite introducir datos personales. En tanto que se introduzcan datos de esta \u00edndole (como nombre, direcci\u00f3n o correo electr\u00f3nico), siempre se introducir\u00e1n, en la medida de lo posible, de forma libre. Estos datos no se transmitir\u00e1n a terceros sin su expresa autorizaci\u00f3n. Como responsable de esta p\u00e1gina web &hellip; <\/p>\n<p class=\"link-more\"><a href=\"https:\/\/rebellisches-berlin.de\/?page_id=720&#038;lang=es\" class=\"more-link\"><span class=\"screen-reader-text\">\u201eAviso legal\u201c <\/span>weiterlesen<\/a><\/p>\n","protected":false},"author":1,"featured_media":0,"parent":0,"menu_order":4,"comment_status":"closed","ping_status":"closed","template":"onecolumn-page.php","meta":{"_monsterinsights_skip_tracking":false,"_monsterinsights_sitenote_active":false,"_monsterinsights_sitenote_note":"","_monsterinsights_sitenote_category":0,"footnotes":""},"class_list":["post-720","page","type-page","status-publish","hentry"],"aioseo_notices":[],"_links":{"self":[{"href":"https:\/\/rebellisches-berlin.de\/index.php?rest_route=\/wp\/v2\/pages\/720","targetHints":{"allow":["GET"]}}],"collection":[{"href":"https:\/\/rebellisches-berlin.de\/index.php?rest_route=\/wp\/v2\/pages"}],"about":[{"href":"https:\/\/rebellisches-berlin.de\/index.php?rest_route=\/wp\/v2\/types\/page"}],"author":[{"embeddable":true,"href":"https:\/\/rebellisches-berlin.de\/index.php?rest_route=\/wp\/v2\/users\/1"}],"replies":[{"embeddable":true,"href":"https:\/\/rebellisches-berlin.de\/index.php?rest_route=%2Fwp%2Fv2%2Fcomments&post=720"}],"version-history":[{"count":1,"href":"https:\/\/rebellisches-berlin.de\/index.php?rest_route=\/wp\/v2\/pages\/720\/revisions"}],"predecessor-version":[{"id":721,"href":"https:\/\/rebellisches-berlin.de\/index.php?rest_route=\/wp\/v2\/pages\/720\/revisions\/721"}],"wp:attachment":[{"href":"https:\/\/rebellisches-berlin.de\/index.php?rest_route=%2Fwp%2Fv2%2Fmedia&parent=720"}],"curies":[{"name":"wp","href":"https:\/\/api.w.org\/{rel}","templated":true}]}}