{"id":697,"date":"2020-02-12T09:56:01","date_gmt":"2020-02-12T09:56:01","guid":{"rendered":"http:\/\/rebellisches-berlin.de\/?page_id=697"},"modified":"2024-07-30T12:44:49","modified_gmt":"2024-07-30T12:44:49","slug":"quienes-somos","status":"publish","type":"page","link":"https:\/\/rebellisches-berlin.de\/?page_id=697&lang=es","title":{"rendered":"Quienes somos"},"content":{"rendered":"<div class=\"wp-block-image\">\n<figure class=\"alignright\"><img loading=\"lazy\" decoding=\"async\" width=\"300\" height=\"225\" src=\"http:\/\/www.rebellisches-berlin.de\/wp-content\/uploads\/2010\/06\/Stadtf\u00fchrung-Rebellisches-Berlin1-300x225.jpg\" alt=\"Stadtf\u00fchrung Rebellisches Berlin\" class=\"wp-image-439\" srcset=\"https:\/\/rebellisches-berlin.de\/wp-content\/uploads\/2010\/06\/Stadtf\u00fchrung-Rebellisches-Berlin1-300x225.jpg 300w, https:\/\/rebellisches-berlin.de\/wp-content\/uploads\/2010\/06\/Stadtf\u00fchrung-Rebellisches-Berlin1.jpg 400w\" sizes=\"auto, (max-width: 300px) 100vw, 300px\" \/><\/figure>\n<\/div>\n\n\n<p>Despu\u00e9s de terminar los estudios de Ciencia Pol\u00edtica y Filosof\u00eda, Drea descubri\u00f3 un gran inter\u00e9s por la historia inscrita en las calles de la ciudad. Le gusta llegar al fondo de las cosas y contemplar no s\u00f3lo los edificios de Berl\u00edn desde diferentes \u00e1ngulos, sino tambi\u00e9n su historia. En particular le interesan las relaciones de poder y la historia de la rebeld\u00eda y la resistencia en Berl\u00edn. Adem\u00e1s realiza tours tem\u00e1ticos sobre la historia queer y la historia de las mujeres en Berl\u00edn. Adem\u00e1s del alem\u00e1n, su lengua materna, Drea habla ingl\u00e9s y espa\u00f1ol.<br><\/p>\n\n\n<div class=\"wp-block-image\">\n<figure class=\"alignleft\"><img loading=\"lazy\" decoding=\"async\" width=\"300\" height=\"225\" src=\"http:\/\/www.rebellisches-berlin.de\/wp-content\/uploads\/2017\/01\/IMG_2017-01-16-121308-300x225.jpg\" alt=\"\" class=\"wp-image-586\" srcset=\"https:\/\/rebellisches-berlin.de\/wp-content\/uploads\/2017\/01\/IMG_2017-01-16-121308-300x225.jpg 300w, https:\/\/rebellisches-berlin.de\/wp-content\/uploads\/2017\/01\/IMG_2017-01-16-121308-1024x768.jpg 1024w, https:\/\/rebellisches-berlin.de\/wp-content\/uploads\/2017\/01\/IMG_2017-01-16-121308.jpg 1280w\" sizes=\"auto, (max-width: 300px) 100vw, 300px\" \/><\/figure>\n<\/div>\n\n\n<p>Jessica es gu\u00eda de tours en Berl\u00edn desde hace diez a\u00f1os. Despu\u00e9s de terminar su pregrado en Estudios Internacionales y su maestr\u00eda en Migraci\u00f3n y Estudios \u00c9tnicos, Jessica vino a Berl\u00edn y qued\u00f3 fascinada con la variedad de eventos hist\u00f3ricos y la diversidad cultural que siguen moldeando a esta ciudad. Los temas que m\u00e1s le interesan son la historia de los movimientos de protesta, la historia jud\u00eda, la resistencia contra el nacionalsocialismo y la historia de la migraci\u00f3n. Sus lenguas maternas son el alem\u00e1n y el ingl\u00e9s. Adem\u00e1s habla espa\u00f1ol y holand\u00e9s.<\/p>\n\n\n\n<p><\/p>\n","protected":false},"excerpt":{"rendered":"<p>Despu\u00e9s de terminar los estudios de Ciencia Pol\u00edtica y Filosof\u00eda, Drea descubri\u00f3 un gran inter\u00e9s por la historia inscrita en las calles de la ciudad. Le gusta llegar al fondo de las cosas y contemplar no s\u00f3lo los edificios de Berl\u00edn desde diferentes \u00e1ngulos, sino tambi\u00e9n su historia. En particular le interesan las relaciones de &hellip; <\/p>\n<p class=\"link-more\"><a href=\"https:\/\/rebellisches-berlin.de\/?page_id=697&#038;lang=es\" class=\"more-link\"><span class=\"screen-reader-text\">\u201eQuienes somos\u201c <\/span>weiterlesen<\/a><\/p>\n","protected":false},"author":1,"featured_media":0,"parent":0,"menu_order":0,"comment_status":"closed","ping_status":"closed","template":"","meta":{"_monsterinsights_skip_tracking":false,"_monsterinsights_sitenote_active":false,"_monsterinsights_sitenote_note":"","_monsterinsights_sitenote_category":0,"footnotes":""},"class_list":["post-697","page","type-page","status-publish","hentry"],"aioseo_notices":[],"_links":{"self":[{"href":"https:\/\/rebellisches-berlin.de\/index.php?rest_route=\/wp\/v2\/pages\/697","targetHints":{"allow":["GET"]}}],"collection":[{"href":"https:\/\/rebellisches-berlin.de\/index.php?rest_route=\/wp\/v2\/pages"}],"about":[{"href":"https:\/\/rebellisches-berlin.de\/index.php?rest_route=\/wp\/v2\/types\/page"}],"author":[{"embeddable":true,"href":"https:\/\/rebellisches-berlin.de\/index.php?rest_route=\/wp\/v2\/users\/1"}],"replies":[{"embeddable":true,"href":"https:\/\/rebellisches-berlin.de\/index.php?rest_route=%2Fwp%2Fv2%2Fcomments&post=697"}],"version-history":[{"count":3,"href":"https:\/\/rebellisches-berlin.de\/index.php?rest_route=\/wp\/v2\/pages\/697\/revisions"}],"predecessor-version":[{"id":1012,"href":"https:\/\/rebellisches-berlin.de\/index.php?rest_route=\/wp\/v2\/pages\/697\/revisions\/1012"}],"wp:attachment":[{"href":"https:\/\/rebellisches-berlin.de\/index.php?rest_route=%2Fwp%2Fv2%2Fmedia&parent=697"}],"curies":[{"name":"wp","href":"https:\/\/api.w.org\/{rel}","templated":true}]}}