{"id":685,"date":"2020-02-12T09:35:49","date_gmt":"2020-02-12T09:35:49","guid":{"rendered":"http:\/\/rebellisches-berlin.de\/?page_id=685"},"modified":"2020-02-12T09:35:49","modified_gmt":"2020-02-12T09:35:49","slug":"kreuzberg-un-barrio-diverso-y-activo","status":"publish","type":"page","link":"https:\/\/rebellisches-berlin.de\/?page_id=685&lang=es","title":{"rendered":"Kreuzberg \u2013 un barrio diverso y activo"},"content":{"rendered":"\n<h2 class=\"wp-block-heading\"><\/h2>\n\n\n\n<p>Kreuzberg es uno de los barrios mas emocionantes de Berl\u00edn. Originalmente empez\u00f3 como un barrio de trabajadores, donde se dieron varias rebeliones. Diversos movimientos sociales tienen sus ra\u00edces aqu\u00ed. Una y otra vez sus habitantes logran llamar la atenci\u00f3n y provocar cambios. Al mismo tiempo, Kreuzberg es el hogar de migrantes de todo el mundo. Ellos han creado una mezcla cultural \u00fanica y diversa.<\/p>\n","protected":false},"excerpt":{"rendered":"<p>Kreuzberg es uno de los barrios mas emocionantes de Berl\u00edn. Originalmente empez\u00f3 como un barrio de trabajadores, donde se dieron varias rebeliones. Diversos movimientos sociales tienen sus ra\u00edces aqu\u00ed. Una y otra vez sus habitantes logran llamar la atenci\u00f3n y provocar cambios. Al mismo tiempo, Kreuzberg es el hogar de migrantes de todo el mundo. &hellip; <\/p>\n<p class=\"link-more\"><a href=\"https:\/\/rebellisches-berlin.de\/?page_id=685&#038;lang=es\" class=\"more-link\"><span class=\"screen-reader-text\">\u201eKreuzberg \u2013 un barrio diverso y activo\u201c <\/span>weiterlesen<\/a><\/p>\n","protected":false},"author":1,"featured_media":0,"parent":0,"menu_order":0,"comment_status":"closed","ping_status":"closed","template":"onecolumn-page.php","meta":{"_monsterinsights_skip_tracking":false,"_monsterinsights_sitenote_active":false,"_monsterinsights_sitenote_note":"","_monsterinsights_sitenote_category":0,"footnotes":""},"class_list":["post-685","page","type-page","status-publish","hentry"],"aioseo_notices":[],"_links":{"self":[{"href":"https:\/\/rebellisches-berlin.de\/index.php?rest_route=\/wp\/v2\/pages\/685","targetHints":{"allow":["GET"]}}],"collection":[{"href":"https:\/\/rebellisches-berlin.de\/index.php?rest_route=\/wp\/v2\/pages"}],"about":[{"href":"https:\/\/rebellisches-berlin.de\/index.php?rest_route=\/wp\/v2\/types\/page"}],"author":[{"embeddable":true,"href":"https:\/\/rebellisches-berlin.de\/index.php?rest_route=\/wp\/v2\/users\/1"}],"replies":[{"embeddable":true,"href":"https:\/\/rebellisches-berlin.de\/index.php?rest_route=%2Fwp%2Fv2%2Fcomments&post=685"}],"version-history":[{"count":1,"href":"https:\/\/rebellisches-berlin.de\/index.php?rest_route=\/wp\/v2\/pages\/685\/revisions"}],"predecessor-version":[{"id":686,"href":"https:\/\/rebellisches-berlin.de\/index.php?rest_route=\/wp\/v2\/pages\/685\/revisions\/686"}],"wp:attachment":[{"href":"https:\/\/rebellisches-berlin.de\/index.php?rest_route=%2Fwp%2Fv2%2Fmedia&parent=685"}],"curies":[{"name":"wp","href":"https:\/\/api.w.org\/{rel}","templated":true}]}}