{"id":56,"date":"2010-06-28T13:03:33","date_gmt":"2010-06-28T13:03:33","guid":{"rendered":"http:\/\/revolutionstour.net\/?page_id=56"},"modified":"2020-04-12T18:24:21","modified_gmt":"2020-04-12T18:24:21","slug":"impressum","status":"publish","type":"page","link":"https:\/\/rebellisches-berlin.de\/?page_id=56","title":{"rendered":"Impressum"},"content":{"rendered":"<p><!--:de--><\/p>\n<p>Die Nutzung dieser Webseite ist in der Regel ohne Angabe personenbezogener Daten m\u00f6glich. Soweit auf den Seiten personenbezogene Daten (beispielsweise Name, Anschrift oder eMail-Adressen) erhoben werden, erfolgt dies, soweit m\u00f6glich, stets auf\u00a0 freiwilliger Basis. Diese Daten werden ohne Ihre ausdr\u00fcckliche Zustimmung nicht an Dritte weitergegeben. Die Betreiberin weist darauf hin, dass die Daten\u00fcbertragung im Internet (z.B. bei der\u00a0 Kommunikation per E-Mail) Sicherheitsl\u00fccken aufweisen kann. Ein l\u00fcckenloser Schutz der Daten vor dem Zugriff durch Dritte ist nicht m\u00f6glich.<\/p>\n<p>Der Nutzung von im Rahmen der Impressumspflicht ver\u00f6ffentlichten Kontaktdaten durch Dritte zur \u00dcbersendung von nicht ausdr\u00fccklich angeforderter Werbung und\u00a0\u00a0 Informationsmaterialien wird hiermit ausdr\u00fccklich widersprochen. Die Betreiberin der Seiten beh\u00e4lt sich ausdr\u00fccklich rechtliche Schritte im Falle der unverlangten Zusendung von Werbeinformationen, etwa durch Spam-Mails, vor.<\/p>\n<p>Rebellisches Berlin<br \/>\nDr. Andrea Heubach<br \/>\nc\/o Assoziation A<br \/>\nGneisenaustr. 2a<br \/>\n10961 Berlin<\/p>\n<p>0163\/7348116<br \/>\nmail[\u00e4t]rebellisches-berlin.de<!--:--><!--:en--><span style=\"font-family: Arial,serif;\"><!--:--><\/span><\/p>\n","protected":false},"excerpt":{"rendered":"<p>Die Nutzung dieser Webseite ist in der Regel ohne Angabe personenbezogener Daten m\u00f6glich. Soweit auf den Seiten personenbezogene Daten (beispielsweise Name, Anschrift oder eMail-Adressen) erhoben werden, erfolgt dies, soweit m\u00f6glich, stets auf\u00a0 freiwilliger Basis. Diese Daten werden ohne Ihre ausdr\u00fcckliche Zustimmung nicht an Dritte weitergegeben. Die Betreiberin weist darauf hin, dass die Daten\u00fcbertragung im Internet &hellip; <\/p>\n<p class=\"link-more\"><a href=\"https:\/\/rebellisches-berlin.de\/?page_id=56\" class=\"more-link\"><span class=\"screen-reader-text\">\u201eImpressum\u201c <\/span>weiterlesen<\/a><\/p>\n","protected":false},"author":1,"featured_media":0,"parent":0,"menu_order":4,"comment_status":"closed","ping_status":"closed","template":"onecolumn-page.php","meta":{"_monsterinsights_skip_tracking":false,"_monsterinsights_sitenote_active":false,"_monsterinsights_sitenote_note":"","_monsterinsights_sitenote_category":0,"footnotes":""},"class_list":["post-56","page","type-page","status-publish","hentry"],"aioseo_notices":[],"_links":{"self":[{"href":"https:\/\/rebellisches-berlin.de\/index.php?rest_route=\/wp\/v2\/pages\/56","targetHints":{"allow":["GET"]}}],"collection":[{"href":"https:\/\/rebellisches-berlin.de\/index.php?rest_route=\/wp\/v2\/pages"}],"about":[{"href":"https:\/\/rebellisches-berlin.de\/index.php?rest_route=\/wp\/v2\/types\/page"}],"author":[{"embeddable":true,"href":"https:\/\/rebellisches-berlin.de\/index.php?rest_route=\/wp\/v2\/users\/1"}],"replies":[{"embeddable":true,"href":"https:\/\/rebellisches-berlin.de\/index.php?rest_route=%2Fwp%2Fv2%2Fcomments&post=56"}],"version-history":[{"count":23,"href":"https:\/\/rebellisches-berlin.de\/index.php?rest_route=\/wp\/v2\/pages\/56\/revisions"}],"predecessor-version":[{"id":744,"href":"https:\/\/rebellisches-berlin.de\/index.php?rest_route=\/wp\/v2\/pages\/56\/revisions\/744"}],"wp:attachment":[{"href":"https:\/\/rebellisches-berlin.de\/index.php?rest_route=%2Fwp%2Fv2%2Fmedia&parent=56"}],"curies":[{"name":"wp","href":"https:\/\/api.w.org\/{rel}","templated":true}]}}