{"id":543,"date":"2017-01-20T14:05:09","date_gmt":"2017-01-20T14:05:09","guid":{"rendered":"http:\/\/rebellisches-berlin.de\/?page_id=543"},"modified":"2020-02-12T09:33:36","modified_gmt":"2020-02-12T09:33:36","slug":"judisches-berlin","status":"publish","type":"page","link":"https:\/\/rebellisches-berlin.de\/?page_id=543","title":{"rendered":"J\u00fcdisches Berlin"},"content":{"rendered":"<p><!--:de--><\/p>\n<p style=\"text-align: justify;\"><span style=\"color: #000000;\"><span style=\"font-family: Arial,serif;\">Im Jahr 1671 gab es das erste mal eine j\u00fcdische Gemeinde in Berlin. Ihre erste Synagoge baute sie in der heutigen Rosenstra\u00dfe. Das Scheunenviertel in Mitte wurde ab 1737 zum j\u00fcdische Viertel au\u00dferhalb der Stadtmauern und war ab 1850 erster Anlaufpunkt f\u00fcr J\u00fcdinnen und Juden aus Osteuropa, die vor Pogromen flohen. Vielf\u00e4ltige j\u00fcdische Orte befinden sich hier, wie auch Orte des Widerstands gegen den Nationalsozialismus und der Unterst\u00fctzung von J\u00fcdinnen und Juden w\u00e4hrend dieser grausamen Zeit. <\/span><\/span><\/p>\n<p><!--:--><!--:en--><\/p>\n<p style=\"text-align: justify;\">\n<p><!--:--><\/p>\n","protected":false},"excerpt":{"rendered":"<p>Im Jahr 1671 gab es das erste mal eine j\u00fcdische Gemeinde in Berlin. Ihre erste Synagoge baute sie in der heutigen Rosenstra\u00dfe. Das Scheunenviertel in Mitte wurde ab 1737 zum j\u00fcdische Viertel au\u00dferhalb der Stadtmauern und war ab 1850 erster Anlaufpunkt f\u00fcr J\u00fcdinnen und Juden aus Osteuropa, die vor Pogromen flohen. Vielf\u00e4ltige j\u00fcdische Orte befinden &hellip; <\/p>\n<p class=\"link-more\"><a href=\"https:\/\/rebellisches-berlin.de\/?page_id=543\" class=\"more-link\"><span class=\"screen-reader-text\">\u201eJ\u00fcdisches Berlin\u201c <\/span>weiterlesen<\/a><\/p>\n","protected":false},"author":1,"featured_media":0,"parent":0,"menu_order":0,"comment_status":"closed","ping_status":"closed","template":"onecolumn-page.php","meta":{"_monsterinsights_skip_tracking":false,"_monsterinsights_sitenote_active":false,"_monsterinsights_sitenote_note":"","_monsterinsights_sitenote_category":0,"footnotes":""},"class_list":["post-543","page","type-page","status-publish","hentry"],"aioseo_notices":[],"_links":{"self":[{"href":"https:\/\/rebellisches-berlin.de\/index.php?rest_route=\/wp\/v2\/pages\/543","targetHints":{"allow":["GET"]}}],"collection":[{"href":"https:\/\/rebellisches-berlin.de\/index.php?rest_route=\/wp\/v2\/pages"}],"about":[{"href":"https:\/\/rebellisches-berlin.de\/index.php?rest_route=\/wp\/v2\/types\/page"}],"author":[{"embeddable":true,"href":"https:\/\/rebellisches-berlin.de\/index.php?rest_route=\/wp\/v2\/users\/1"}],"replies":[{"embeddable":true,"href":"https:\/\/rebellisches-berlin.de\/index.php?rest_route=%2Fwp%2Fv2%2Fcomments&post=543"}],"version-history":[{"count":19,"href":"https:\/\/rebellisches-berlin.de\/index.php?rest_route=\/wp\/v2\/pages\/543\/revisions"}],"predecessor-version":[{"id":682,"href":"https:\/\/rebellisches-berlin.de\/index.php?rest_route=\/wp\/v2\/pages\/543\/revisions\/682"}],"wp:attachment":[{"href":"https:\/\/rebellisches-berlin.de\/index.php?rest_route=%2Fwp%2Fv2%2Fmedia&parent=543"}],"curies":[{"name":"wp","href":"https:\/\/api.w.org\/{rel}","templated":true}]}}