{"id":276,"date":"2012-02-18T13:03:53","date_gmt":"2012-02-18T13:03:53","guid":{"rendered":"http:\/\/rebellisches-berlin.de\/?page_id=276"},"modified":"2024-07-30T19:25:53","modified_gmt":"2024-07-30T19:25:53","slug":"rebellische-berlinerinnen","status":"publish","type":"page","link":"https:\/\/rebellisches-berlin.de\/?page_id=276","title":{"rendered":"Berliner Rebellinnen"},"content":{"rendered":"<p><!--:de--><\/p>\n<p>In diesem Spaziergang begeben wir uns auf die \u00a0Spuren beinahe vergessener Frauen* <span style=\"color: #000000;\">\u2013 <\/span>Repr\u00e4sentant*innen der Frauenbewegungen, Frauen, die an revolution\u00e4ren K\u00e4mpfen teilnahmen, Aktivist*innen queerer Subkultur sowie Widerstandsk\u00e4mpferinnen gegen das nationalsozialistische Regime.<\/p>\n<p style=\"text-align: center;\"><span style=\"font-family: Arial,serif;\"><a title=\"Termine\" href=\"http:\/\/www.rebellisches-berlin.de\/?page_id=9\">Termine<\/a><br \/>\n<\/span><\/p>\n<p><!--:--><!--:en--><\/p>\n<p><!--:--><\/p>\n","protected":false},"excerpt":{"rendered":"<p>In diesem Spaziergang begeben wir uns auf die \u00a0Spuren beinahe vergessener Frauen* \u2013 Repr\u00e4sentant*innen der Frauenbewegungen, Frauen, die an revolution\u00e4ren K\u00e4mpfen teilnahmen, Aktivist*innen queerer Subkultur sowie Widerstandsk\u00e4mpferinnen gegen das nationalsozialistische Regime. Termine<\/p>\n","protected":false},"author":1,"featured_media":0,"parent":0,"menu_order":0,"comment_status":"closed","ping_status":"closed","template":"","meta":{"_monsterinsights_skip_tracking":false,"_monsterinsights_sitenote_active":false,"_monsterinsights_sitenote_note":"","_monsterinsights_sitenote_category":0,"footnotes":""},"class_list":["post-276","page","type-page","status-publish","hentry"],"aioseo_notices":[],"_links":{"self":[{"href":"https:\/\/rebellisches-berlin.de\/index.php?rest_route=\/wp\/v2\/pages\/276","targetHints":{"allow":["GET"]}}],"collection":[{"href":"https:\/\/rebellisches-berlin.de\/index.php?rest_route=\/wp\/v2\/pages"}],"about":[{"href":"https:\/\/rebellisches-berlin.de\/index.php?rest_route=\/wp\/v2\/types\/page"}],"author":[{"embeddable":true,"href":"https:\/\/rebellisches-berlin.de\/index.php?rest_route=\/wp\/v2\/users\/1"}],"replies":[{"embeddable":true,"href":"https:\/\/rebellisches-berlin.de\/index.php?rest_route=%2Fwp%2Fv2%2Fcomments&post=276"}],"version-history":[{"count":17,"href":"https:\/\/rebellisches-berlin.de\/index.php?rest_route=\/wp\/v2\/pages\/276\/revisions"}],"predecessor-version":[{"id":1020,"href":"https:\/\/rebellisches-berlin.de\/index.php?rest_route=\/wp\/v2\/pages\/276\/revisions\/1020"}],"wp:attachment":[{"href":"https:\/\/rebellisches-berlin.de\/index.php?rest_route=%2Fwp%2Fv2%2Fmedia&parent=276"}],"curies":[{"name":"wp","href":"https:\/\/api.w.org\/{rel}","templated":true}]}}